{"id":796,"date":"2018-01-22T00:04:34","date_gmt":"2018-01-22T00:04:34","guid":{"rendered":"http:\/\/www.smartersteps.ca\/walk\/?page_id=796"},"modified":"2024-07-11T22:22:31","modified_gmt":"2024-07-12T02:22:31","slug":"voices","status":"publish","type":"page","link":"https:\/\/www.smartersteps.ca\/walk\/voices\/","title":{"rendered":"Voices"},"content":{"rendered":"\t\t<div data-elementor-type=\"wp-page\" data-elementor-id=\"796\" class=\"elementor elementor-796\">\n\t\t\t\t\t\t<section class=\"elementor-section elementor-top-section elementor-element elementor-element-556c7b8 elementor-section-boxed elementor-section-height-default elementor-section-height-default\" data-id=\"556c7b8\" data-element_type=\"section\" data-settings=\"{&quot;background_background&quot;:&quot;classic&quot;}\">\n\t\t\t\t\t\t<div class=\"elementor-container elementor-column-gap-default\">\n\t\t\t\t\t<div class=\"elementor-column elementor-col-100 elementor-top-column elementor-element elementor-element-7928c37e\" data-id=\"7928c37e\" data-element_type=\"column\">\n\t\t\t<div class=\"elementor-widget-wrap elementor-element-populated\">\n\t\t\t\t\t\t<div class=\"elementor-element elementor-element-1434d96 elementor-widget elementor-widget-heading\" data-id=\"1434d96\" data-element_type=\"widget\" data-widget_type=\"heading.default\">\n\t\t\t\t<div class=\"elementor-widget-container\">\n\t\t\t\t\t<h1 class=\"elementor-heading-title elementor-size-default\">Voices<\/h1>\t\t\t\t<\/div>\n\t\t\t\t<\/div>\n\t\t\t\t<section class=\"elementor-section elementor-inner-section elementor-element elementor-element-6348a76 elementor-section-boxed elementor-section-height-default elementor-section-height-default\" data-id=\"6348a76\" data-element_type=\"section\">\n\t\t\t\t\t\t<div class=\"elementor-container elementor-column-gap-default\">\n\t\t\t\t\t<div class=\"elementor-column elementor-col-50 elementor-inner-column elementor-element elementor-element-630d373\" data-id=\"630d373\" data-element_type=\"column\">\n\t\t\t<div class=\"elementor-widget-wrap elementor-element-populated\">\n\t\t\t\t\t\t<div class=\"elementor-element elementor-element-812e3ef elementor-widget elementor-widget-text-editor\" data-id=\"812e3ef\" data-element_type=\"widget\" data-widget_type=\"text-editor.default\">\n\t\t\t\t<div class=\"elementor-widget-container\">\n\t\t\t\t\t\t\t\t\t<p>In their own words, patients who participated in the SMARTER study offer valuable insights into the challenges and benefits of increasing their physical activity.\u00a0<span style=\"background-color: transparent; color: #000000; font-family: Roboto, Arial, sans-serif; font-size: 10px;\">\u00a0<\/span><\/p>\t\t\t\t\t\t\t\t<\/div>\n\t\t\t\t<\/div>\n\t\t\t\t\t<\/div>\n\t\t<\/div>\n\t\t\t\t<div class=\"elementor-column elementor-col-50 elementor-inner-column elementor-element elementor-element-3e4dbc7\" data-id=\"3e4dbc7\" data-element_type=\"column\">\n\t\t\t<div class=\"elementor-widget-wrap\">\n\t\t\t\t\t\t\t<\/div>\n\t\t<\/div>\n\t\t\t\t\t<\/div>\n\t\t<\/section>\n\t\t\t\t<section class=\"elementor-section elementor-inner-section elementor-element elementor-element-7b2b7aa elementor-section-boxed elementor-section-height-default elementor-section-height-default\" data-id=\"7b2b7aa\" data-element_type=\"section\">\n\t\t\t\t\t\t<div class=\"elementor-container elementor-column-gap-default\">\n\t\t\t\t\t<div class=\"elementor-column elementor-col-50 elementor-inner-column elementor-element elementor-element-493bd9e\" data-id=\"493bd9e\" data-element_type=\"column\">\n\t\t\t<div class=\"elementor-widget-wrap elementor-element-populated\">\n\t\t\t\t\t\t<div class=\"elementor-element elementor-element-7ba0a1f elementor-widget elementor-widget-heading\" data-id=\"7ba0a1f\" data-element_type=\"widget\" data-widget_type=\"heading.default\">\n\t\t\t\t<div class=\"elementor-widget-container\">\n\t\t\t\t\t<h3 class=\"elementor-heading-title elementor-size-default\">Eloise<\/h3>\t\t\t\t<\/div>\n\t\t\t\t<\/div>\n\t\t\t\t<div class=\"elementor-element elementor-element-e53f44f elementor-widget elementor-widget-text-editor\" data-id=\"e53f44f\" data-element_type=\"widget\" data-widget_type=\"text-editor.default\">\n\t\t\t\t<div class=\"elementor-widget-container\">\n\t\t\t\t\t\t\t\t\t<p>Eloise talks about how she challenges herself to walk more every day.<\/p>\t\t\t\t\t\t\t\t<\/div>\n\t\t\t\t<\/div>\n\t\t\t\t\t<\/div>\n\t\t<\/div>\n\t\t\t\t<div class=\"elementor-column elementor-col-50 elementor-inner-column elementor-element elementor-element-0715b3d\" data-id=\"0715b3d\" data-element_type=\"column\">\n\t\t\t<div class=\"elementor-widget-wrap elementor-element-populated\">\n\t\t\t\t\t\t<div class=\"elementor-element elementor-element-14ec141 elementor-widget__width-initial elementor-widget elementor-widget-video\" data-id=\"14ec141\" data-element_type=\"widget\" data-settings=\"{&quot;youtube_url&quot;:&quot;https:\\\/\\\/www.youtube.com\\\/watch?v=tGa3sYam5ZM&quot;,&quot;video_type&quot;:&quot;youtube&quot;,&quot;controls&quot;:&quot;yes&quot;}\" data-widget_type=\"video.default\">\n\t\t\t\t<div class=\"elementor-widget-container\">\n\t\t\t\t\t\t\t<div class=\"elementor-wrapper elementor-open-inline\">\n\t\t\t<div class=\"elementor-video\"><\/div>\t\t<\/div>\n\t\t\t\t\t\t<\/div>\n\t\t\t\t<\/div>\n\t\t\t\t\t<\/div>\n\t\t<\/div>\n\t\t\t\t\t<\/div>\n\t\t<\/section>\n\t\t\t\t\t<\/div>\n\t\t<\/div>\n\t\t\t\t\t<\/div>\n\t\t<\/section>\n\t\t\t\t<section class=\"elementor-section elementor-top-section elementor-element elementor-element-866520e elementor-section-boxed elementor-section-height-default elementor-section-height-default\" data-id=\"866520e\" data-element_type=\"section\" data-settings=\"{&quot;background_background&quot;:&quot;classic&quot;}\">\n\t\t\t\t\t\t<div class=\"elementor-container elementor-column-gap-default\">\n\t\t\t\t\t<div class=\"elementor-column elementor-col-50 elementor-top-column elementor-element elementor-element-51805a3\" data-id=\"51805a3\" data-element_type=\"column\">\n\t\t\t<div class=\"elementor-widget-wrap elementor-element-populated\">\n\t\t\t\t\t\t<div class=\"elementor-element elementor-element-b062adb elementor-widget elementor-widget-heading\" data-id=\"b062adb\" data-element_type=\"widget\" data-widget_type=\"heading.default\">\n\t\t\t\t<div class=\"elementor-widget-container\">\n\t\t\t\t\t<h3 class=\"elementor-heading-title elementor-size-default\">Suzanne (en fran\u00e7ais)<\/h3>\t\t\t\t<\/div>\n\t\t\t\t<\/div>\n\t\t\t\t<div class=\"elementor-element elementor-element-ed2c8ea elementor-widget elementor-widget-text-editor\" data-id=\"ed2c8ea\" data-element_type=\"widget\" data-widget_type=\"text-editor.default\">\n\t\t\t\t<div class=\"elementor-widget-container\">\n\t\t\t\t\t\t\t\t\t<blockquote><p><span style=\"color: #111111; font-family: Roboto, Arial, sans-serif; font-size: 14px; font-style: normal; white-space: pre-wrap; background-color: #ffffff;\">Suzanne explique sa croyance en l&#8217;activit\u00e9 physique pour tous et sa motivation \u00e0 r\u00e9ussir avec SMARTER<\/span><\/p><\/blockquote>\t\t\t\t\t\t\t\t<\/div>\n\t\t\t\t<\/div>\n\t\t\t\t\t<\/div>\n\t\t<\/div>\n\t\t\t\t<div class=\"elementor-column elementor-col-50 elementor-top-column elementor-element elementor-element-15b9702\" data-id=\"15b9702\" data-element_type=\"column\">\n\t\t\t<div class=\"elementor-widget-wrap elementor-element-populated\">\n\t\t\t\t\t\t<div class=\"elementor-element elementor-element-5317085 elementor-widget__width-initial elementor-widget elementor-widget-video\" data-id=\"5317085\" data-element_type=\"widget\" data-settings=\"{&quot;youtube_url&quot;:&quot;https:\\\/\\\/www.youtube.com\\\/watch?v=fyYIQ-QBTgw&quot;,&quot;video_type&quot;:&quot;youtube&quot;,&quot;controls&quot;:&quot;yes&quot;}\" data-widget_type=\"video.default\">\n\t\t\t\t<div class=\"elementor-widget-container\">\n\t\t\t\t\t\t\t<div class=\"elementor-wrapper elementor-open-inline\">\n\t\t\t<div class=\"elementor-video\"><\/div>\t\t<\/div>\n\t\t\t\t\t\t<\/div>\n\t\t\t\t<\/div>\n\t\t\t\t\t<\/div>\n\t\t<\/div>\n\t\t\t\t\t<\/div>\n\t\t<\/section>\n\t\t\t\t<section class=\"elementor-section elementor-top-section elementor-element elementor-element-8eee060 elementor-section-boxed elementor-section-height-default elementor-section-height-default\" data-id=\"8eee060\" data-element_type=\"section\" data-settings=\"{&quot;background_background&quot;:&quot;classic&quot;}\">\n\t\t\t\t\t\t<div class=\"elementor-container elementor-column-gap-default\">\n\t\t\t\t\t<div class=\"elementor-column elementor-col-100 elementor-top-column elementor-element elementor-element-590563d\" data-id=\"590563d\" data-element_type=\"column\">\n\t\t\t<div class=\"elementor-widget-wrap\">\n\t\t\t\t\t\t\t<\/div>\n\t\t<\/div>\n\t\t\t\t\t<\/div>\n\t\t<\/section>\n\t\t\t\t<\/div>\n\t\t","protected":false},"excerpt":{"rendered":"<p>Voices In their own words, patients who participated in the SMARTER study offer valuable insights into the challenges and benefits of increasing their physical activity.\u00a0\u00a0 Eloise Eloise talks about how she challenges herself to walk more every day. https:\/\/www.youtube.com\/watch?v=tGa3sYam5ZM Suzanne (en fran\u00e7ais) Suzanne explique sa croyance en l&#8217;activit\u00e9 physique pour tous et sa motivation \u00e0 &#8230; <a title=\"Voices\" class=\"read-more\" href=\"https:\/\/www.smartersteps.ca\/walk\/voices\/\">Read more<span class=\"screen-reader-text\">Voices<\/span><\/a><\/p>\n","protected":false},"author":1,"featured_media":0,"parent":0,"menu_order":0,"comment_status":"closed","ping_status":"closed","template":"","meta":{"generate_page_header":"","h5ap_radio_sources":[],"footnotes":""},"class_list":["post-796","page","type-page","status-publish"],"_links":{"self":[{"href":"https:\/\/www.smartersteps.ca\/walk\/wp-json\/wp\/v2\/pages\/796","targetHints":{"allow":["GET"]}}],"collection":[{"href":"https:\/\/www.smartersteps.ca\/walk\/wp-json\/wp\/v2\/pages"}],"about":[{"href":"https:\/\/www.smartersteps.ca\/walk\/wp-json\/wp\/v2\/types\/page"}],"author":[{"embeddable":true,"href":"https:\/\/www.smartersteps.ca\/walk\/wp-json\/wp\/v2\/users\/1"}],"replies":[{"embeddable":true,"href":"https:\/\/www.smartersteps.ca\/walk\/wp-json\/wp\/v2\/comments?post=796"}],"version-history":[{"count":10,"href":"https:\/\/www.smartersteps.ca\/walk\/wp-json\/wp\/v2\/pages\/796\/revisions"}],"predecessor-version":[{"id":2187,"href":"https:\/\/www.smartersteps.ca\/walk\/wp-json\/wp\/v2\/pages\/796\/revisions\/2187"}],"wp:attachment":[{"href":"https:\/\/www.smartersteps.ca\/walk\/wp-json\/wp\/v2\/media?parent=796"}],"curies":[{"name":"wp","href":"https:\/\/api.w.org\/{rel}","templated":true}]}}